{"id":148,"date":"2026-03-12T13:35:29","date_gmt":"2026-03-12T12:35:29","guid":{"rendered":"https:\/\/mom-ent-perinatal.com\/index.php\/service-details\/"},"modified":"2026-04-01T20:08:11","modified_gmt":"2026-04-01T19:08:11","slug":"service-details","status":"publish","type":"page","link":"https:\/\/mom-ent-perinatal.com\/","title":{"rendered":"Information importante"},"content":{"rendered":"\t\t<div data-elementor-type=\"wp-page\" data-elementor-id=\"148\" class=\"elementor elementor-148\">\n\t\t\t\t<div class=\"elementor-element elementor-element-d8f3ae0 e-flex e-con-boxed e-con e-parent\" data-id=\"d8f3ae0\" data-element_type=\"container\" data-e-type=\"container\">\n\t\t\t\t\t<div class=\"e-con-inner\">\n\t\t\t\t<div class=\"elementor-element elementor-element-81de0a9 elementor-widget elementor-widget-heading\" data-id=\"81de0a9\" data-element_type=\"widget\" data-e-type=\"widget\" data-widget_type=\"heading.default\">\n\t\t\t\t\t<h2 class=\"elementor-heading-title elementor-size-default\">SITE EN RECONSTRUCTION<\/h2>\t\t\t\t<\/div>\n\t\t\t\t\t<\/div>\n\t\t\t\t<\/div>\n\t\t<div class=\"elementor-element elementor-element-31319ea e-flex e-con-boxed e-con e-parent\" data-id=\"31319ea\" data-element_type=\"container\" data-e-type=\"container\">\n\t\t\t\t\t<div class=\"e-con-inner\">\n\t\t\t\t<div class=\"elementor-element elementor-element-042f616 elementor-widget elementor-widget-text-editor\" data-id=\"042f616\" data-element_type=\"widget\" data-e-type=\"widget\" data-widget_type=\"text-editor.default\">\n\t\t\t\t\t\t\t\t\t<p class=\"eb-ah-subtitle\">Suite \u00e0 un changement d\u2019h\u00e9bergement et \u00e0 un petit impr\u00e9vu technique,<br>le site est actuellement en cours de reconstruction.<\/p>\n<p>Je mets tout en \u0153uvre pour qu\u2019il soit \u00e0 nouveau disponible tr\u00e8s prochainement.<\/p>\n<p>Si vous avez des questions concernant un accompagnement, un soin ou un atelier, je reste bien s\u00fbr disponible.<\/p>\n<p><strong>En attendant, comment me joindre ?<\/strong><\/p>\n<p><strong>Vous pouvez me contacter par :&nbsp;<\/strong><br><img decoding=\"async\" class=\"emoji\" role=\"img\" draggable=\"false\" src=\"https:\/\/s.w.org\/images\/core\/emoji\/17.0.2\/svg\/2709.svg\" alt=\"\u2709\ufe0f\"> <strong>Mail :<\/strong> mom.ent@outlook.fr&nbsp;<br><img decoding=\"async\" class=\"emoji\" role=\"img\" draggable=\"false\" src=\"https:\/\/s.w.org\/images\/core\/emoji\/17.0.2\/svg\/1f4de.svg\" alt=\"\ud83d\udcde\"> <strong>T\u00e9l\u00e9phone :<\/strong> 0647126161<\/p>\n<p><strong>Vous pouvez \u00e9galement me retrouver sur les r\u00e9seaux sociaux :&nbsp;<\/strong><br><strong>&#8211; Instagram :<\/strong> <a href=\"https:\/\/www.instagram.com\/mom.ent_by.charlene\/\">https:\/\/www.instagram.com\/mom.ent_by.charlene\/<\/a><br><strong>&#8211; Facebook :<\/strong> <a href=\"https:\/\/www.facebook.com\/profile.php?id=100091971211236\">https:\/\/www.facebook.com\/profile.php?id=100091971211236<\/a><\/p>\n<p>Au plaisir d\u2019\u00e9changer avec vous.<\/p>\n<p><em>Charl\u00e8ne BAFFIE<\/em><\/p>\t\t\t\t\t\t\t\t<\/div>\n\t\t\t\t\t<\/div>\n\t\t\t\t<\/div>\n\t\t<div class=\"elementor-element elementor-element-b4f01d7 e-flex e-con-boxed e-con e-parent\" data-id=\"b4f01d7\" data-element_type=\"container\" data-e-type=\"container\">\n\t\t\t\t\t<div class=\"e-con-inner\">\n\t\t\t\t<div class=\"elementor-element elementor-element-144ea0f elementor-shape-rounded elementor-grid-0 e-grid-align-center elementor-widget elementor-widget-social-icons\" data-id=\"144ea0f\" data-element_type=\"widget\" data-e-type=\"widget\" data-widget_type=\"social-icons.default\">\n\t\t\t\t\t\t\t<div class=\"elementor-social-icons-wrapper elementor-grid\" role=\"list\">\n\t\t\t\t\t\t\t<span class=\"elementor-grid-item\" role=\"listitem\">\n\t\t\t\t\t<a class=\"elementor-icon elementor-social-icon elementor-social-icon-facebook elementor-repeater-item-78a36d2\" href=\"https:\/\/www.facebook.com\/profile.php?id=100091971211236\" target=\"_blank\">\n\t\t\t\t\t\t<span class=\"elementor-screen-only\">Facebook<\/span>\n\t\t\t\t\t\t<svg aria-hidden=\"true\" class=\"e-font-icon-svg e-fab-facebook\" viewBox=\"0 0 512 512\" xmlns=\"http:\/\/www.w3.org\/2000\/svg\"><path d=\"M504 256C504 119 393 8 256 8S8 119 8 256c0 123.78 90.69 226.38 209.25 245V327.69h-63V256h63v-54.64c0-62.15 37-96.48 93.67-96.48 27.14 0 55.52 4.84 55.52 4.84v61h-31.28c-30.8 0-40.41 19.12-40.41 38.73V256h68.78l-11 71.69h-57.78V501C413.31 482.38 504 379.78 504 256z\"><\/path><\/svg>\t\t\t\t\t<\/a>\n\t\t\t\t<\/span>\n\t\t\t\t\t\t\t<span class=\"elementor-grid-item\" role=\"listitem\">\n\t\t\t\t\t<a class=\"elementor-icon elementor-social-icon elementor-social-icon-instagram elementor-repeater-item-9c5df17\" href=\"https:\/\/www.instagram.com\/mom.ent_by.charlene\/\" target=\"_blank\">\n\t\t\t\t\t\t<span class=\"elementor-screen-only\">Instagram<\/span>\n\t\t\t\t\t\t<svg aria-hidden=\"true\" class=\"e-font-icon-svg e-fab-instagram\" viewBox=\"0 0 448 512\" xmlns=\"http:\/\/www.w3.org\/2000\/svg\"><path d=\"M224.1 141c-63.6 0-114.9 51.3-114.9 114.9s51.3 114.9 114.9 114.9S339 319.5 339 255.9 287.7 141 224.1 141zm0 189.6c-41.1 0-74.7-33.5-74.7-74.7s33.5-74.7 74.7-74.7 74.7 33.5 74.7 74.7-33.6 74.7-74.7 74.7zm146.4-194.3c0 14.9-12 26.8-26.8 26.8-14.9 0-26.8-12-26.8-26.8s12-26.8 26.8-26.8 26.8 12 26.8 26.8zm76.1 27.2c-1.7-35.9-9.9-67.7-36.2-93.9-26.2-26.2-58-34.4-93.9-36.2-37-2.1-147.9-2.1-184.9 0-35.8 1.7-67.6 9.9-93.9 36.1s-34.4 58-36.2 93.9c-2.1 37-2.1 147.9 0 184.9 1.7 35.9 9.9 67.7 36.2 93.9s58 34.4 93.9 36.2c37 2.1 147.9 2.1 184.9 0 35.9-1.7 67.7-9.9 93.9-36.2 26.2-26.2 34.4-58 36.2-93.9 2.1-37 2.1-147.8 0-184.8zM398.8 388c-7.8 19.6-22.9 34.7-42.6 42.6-29.5 11.7-99.5 9-132.1 9s-102.7 2.6-132.1-9c-19.6-7.8-34.7-22.9-42.6-42.6-11.7-29.5-9-99.5-9-132.1s-2.6-102.7 9-132.1c7.8-19.6 22.9-34.7 42.6-42.6 29.5-11.7 99.5-9 132.1-9s102.7-2.6 132.1 9c19.6 7.8 34.7 22.9 42.6 42.6 11.7 29.5 9 99.5 9 132.1s2.7 102.7-9 132.1z\"><\/path><\/svg>\t\t\t\t\t<\/a>\n\t\t\t\t<\/span>\n\t\t\t\t\t<\/div>\n\t\t\t\t\t\t<\/div>\n\t\t\t\t\t<\/div>\n\t\t\t\t<\/div>\n\t\t<div class=\"elementor-element elementor-element-5c353d2 e-flex e-con-boxed e-con e-parent\" data-id=\"5c353d2\" data-element_type=\"container\" data-e-type=\"container\">\n\t\t\t\t\t<div class=\"e-con-inner\">\n\t\t\t\t<div class=\"elementor-element elementor-element-9617ebf elementor-widget elementor-widget-heading\" data-id=\"9617ebf\" data-element_type=\"widget\" data-e-type=\"widget\" data-widget_type=\"heading.default\">\n\t\t\t\t\t<h2 class=\"elementor-heading-title elementor-size-default\"><span data-olk-copy-source=\"MessageBody\">Pour patienter, voici les accompagnements propos\u00e9s chez Mom\u2019ent :<\/span><!--EndFragment--><\/h2>\t\t\t\t<\/div>\n\t\t\t\t\t<\/div>\n\t\t\t\t<\/div>\n\t\t<div class=\"elementor-element elementor-element-9ffa814 e-flex e-con-boxed e-con e-parent\" data-id=\"9ffa814\" data-element_type=\"container\" data-e-type=\"container\">\n\t\t\t\t\t<div class=\"e-con-inner\">\n\t\t\t\t<div class=\"elementor-element elementor-element-1e6cb8d elementor-widget elementor-widget-image\" data-id=\"1e6cb8d\" data-element_type=\"widget\" data-e-type=\"widget\" data-widget_type=\"image.default\">\n\t\t\t\t\t\t\t\t\t\t\t\t\t\t\t<img fetchpriority=\"high\" fetchpriority=\"high\" decoding=\"async\" width=\"576\" height=\"1024\" src=\"https:\/\/mom-ent-perinatal.com\/wp-content\/uploads\/2026\/03\/tarifs-3-576x1024.png\" class=\"attachment-large size-large wp-image-205\" alt=\"\" srcset=\"https:\/\/mom-ent-perinatal.com\/wp-content\/uploads\/2026\/03\/tarifs-3-576x1024.png 576w, https:\/\/mom-ent-perinatal.com\/wp-content\/uploads\/2026\/03\/tarifs-3-169x300.png 169w, https:\/\/mom-ent-perinatal.com\/wp-content\/uploads\/2026\/03\/tarifs-3-768x1365.png 768w, https:\/\/mom-ent-perinatal.com\/wp-content\/uploads\/2026\/03\/tarifs-3-864x1536.png 864w, https:\/\/mom-ent-perinatal.com\/wp-content\/uploads\/2026\/03\/tarifs-3.png 1080w\" sizes=\"(max-width: 576px) 100vw, 576px\" \/>\t\t\t\t\t\t\t\t\t\t\t\t\t\t\t<\/div>\n\t\t\t\t\t<\/div>\n\t\t\t\t<\/div>\n\t\t<div class=\"elementor-element elementor-element-91a667e e-flex e-con-boxed e-con e-parent\" data-id=\"91a667e\" data-element_type=\"container\" data-e-type=\"container\">\n\t\t\t\t\t<div class=\"e-con-inner\">\n\t\t\t\t<div class=\"elementor-element elementor-element-c4f67af elementor-widget elementor-widget-image\" data-id=\"c4f67af\" data-element_type=\"widget\" data-e-type=\"widget\" data-widget_type=\"image.default\">\n\t\t\t\t\t\t\t\t\t\t\t\t\t\t\t<img decoding=\"async\" width=\"576\" height=\"1024\" src=\"https:\/\/mom-ent-perinatal.com\/wp-content\/uploads\/2026\/03\/3-1-576x1024.png\" class=\"attachment-large size-large wp-image-75\" alt=\"\" srcset=\"https:\/\/mom-ent-perinatal.com\/wp-content\/uploads\/2026\/03\/3-1-576x1024.png 576w, https:\/\/mom-ent-perinatal.com\/wp-content\/uploads\/2026\/03\/3-1-169x300.png 169w, https:\/\/mom-ent-perinatal.com\/wp-content\/uploads\/2026\/03\/3-1-768x1365.png 768w, https:\/\/mom-ent-perinatal.com\/wp-content\/uploads\/2026\/03\/3-1-864x1536.png 864w, https:\/\/mom-ent-perinatal.com\/wp-content\/uploads\/2026\/03\/3-1.png 1080w\" sizes=\"(max-width: 576px) 100vw, 576px\" \/>\t\t\t\t\t\t\t\t\t\t\t\t\t\t\t<\/div>\n\t\t\t\t\t<\/div>\n\t\t\t\t<\/div>\n\t\t<div class=\"elementor-element elementor-element-438e528 e-flex e-con-boxed e-con e-parent\" data-id=\"438e528\" data-element_type=\"container\" data-e-type=\"container\">\n\t\t\t\t\t<div class=\"e-con-inner\">\n\t\t\t\t<div class=\"elementor-element elementor-element-cdc9003 elementor-widget elementor-widget-image\" data-id=\"cdc9003\" data-element_type=\"widget\" data-e-type=\"widget\" data-widget_type=\"image.default\">\n\t\t\t\t\t\t\t\t\t\t\t\t\t\t\t<img decoding=\"async\" width=\"576\" height=\"1024\" src=\"https:\/\/mom-ent-perinatal.com\/wp-content\/uploads\/2026\/03\/4-1-576x1024.png\" class=\"attachment-large size-large wp-image-76\" alt=\"\" srcset=\"https:\/\/mom-ent-perinatal.com\/wp-content\/uploads\/2026\/03\/4-1-576x1024.png 576w, https:\/\/mom-ent-perinatal.com\/wp-content\/uploads\/2026\/03\/4-1-169x300.png 169w, https:\/\/mom-ent-perinatal.com\/wp-content\/uploads\/2026\/03\/4-1-768x1365.png 768w, https:\/\/mom-ent-perinatal.com\/wp-content\/uploads\/2026\/03\/4-1-864x1536.png 864w, https:\/\/mom-ent-perinatal.com\/wp-content\/uploads\/2026\/03\/4-1.png 1080w\" sizes=\"(max-width: 576px) 100vw, 576px\" \/>\t\t\t\t\t\t\t\t\t\t\t\t\t\t\t<\/div>\n\t\t\t\t\t<\/div>\n\t\t\t\t<\/div>\n\t\t\t\t<\/div>\n\t\t","protected":false},"excerpt":{"rendered":"<p>SITE EN RECONSTRUCTION Suite \u00e0 un changement d\u2019h\u00e9bergement et \u00e0 un petit impr\u00e9vu technique,le site est actuellement en cours de reconstruction. Je mets tout en \u0153uvre pour qu\u2019il soit \u00e0 nouveau disponible tr\u00e8s prochainement. Si vous avez des questions concernant un accompagnement, un soin ou un atelier, je reste bien s\u00fbr disponible. En attendant, comment [&hellip;]<\/p>\n","protected":false},"author":1,"featured_media":0,"parent":0,"menu_order":0,"comment_status":"closed","ping_status":"closed","template":"","meta":{"_et_pb_use_builder":"","_et_pb_old_content":"","_et_gb_content_width":"","footnotes":""},"class_list":["post-148","page","type-page","status-publish","hentry"],"_links":{"self":[{"href":"https:\/\/mom-ent-perinatal.com\/index.php\/wp-json\/wp\/v2\/pages\/148","targetHints":{"allow":["GET"]}}],"collection":[{"href":"https:\/\/mom-ent-perinatal.com\/index.php\/wp-json\/wp\/v2\/pages"}],"about":[{"href":"https:\/\/mom-ent-perinatal.com\/index.php\/wp-json\/wp\/v2\/types\/page"}],"author":[{"embeddable":true,"href":"https:\/\/mom-ent-perinatal.com\/index.php\/wp-json\/wp\/v2\/users\/1"}],"replies":[{"embeddable":true,"href":"https:\/\/mom-ent-perinatal.com\/index.php\/wp-json\/wp\/v2\/comments?post=148"}],"version-history":[{"count":41,"href":"https:\/\/mom-ent-perinatal.com\/index.php\/wp-json\/wp\/v2\/pages\/148\/revisions"}],"predecessor-version":[{"id":299,"href":"https:\/\/mom-ent-perinatal.com\/index.php\/wp-json\/wp\/v2\/pages\/148\/revisions\/299"}],"wp:attachment":[{"href":"https:\/\/mom-ent-perinatal.com\/index.php\/wp-json\/wp\/v2\/media?parent=148"}],"curies":[{"name":"wp","href":"https:\/\/api.w.org\/{rel}","templated":true}]}}